{"id":17,"date":"2025-01-20T16:15:17","date_gmt":"2025-01-20T16:15:17","guid":{"rendered":"https:\/\/casatoledohotel.com\/?page_id=17"},"modified":"2025-02-20T15:56:33","modified_gmt":"2025-02-20T18:56:33","slug":"la-casa","status":"publish","type":"page","link":"https:\/\/casatoledohotel.com\/en\/la-casa\/","title":{"rendered":"The House"},"content":{"rendered":"<div data-elementor-type=\"wp-page\" data-elementor-id=\"17\" class=\"elementor elementor-17\" data-elementor-post-type=\"page\">\n\t\t\t\t<div class=\"elementor-element elementor-element-edc6c81 e-flex e-con-boxed e-con e-parent\" data-id=\"edc6c81\" data-element_type=\"container\" data-settings=\"{&quot;background_background&quot;:&quot;classic&quot;}\">\n\t\t\t\t\t<div class=\"e-con-inner\">\n\t\t\t\t<div class=\"elementor-element elementor-element-adc72b1 elementor-widget__width-initial elementor-widget-tablet__width-inherit elementor-widget elementor-widget-heading\" data-id=\"adc72b1\" data-element_type=\"widget\" data-widget_type=\"heading.default\">\n\t\t\t\t<div class=\"elementor-widget-container\">\n\t\t\t\t\t<h2 class=\"elementor-heading-title elementor-size-default\">Architectural heritage, modern destination<\/h2>\t\t\t\t<\/div>\n\t\t\t\t<\/div>\n\t\t\t\t<div class=\"elementor-element elementor-element-9623c40 elementor-widget__width-initial elementor-widget-tablet__width-inherit elementor-widget elementor-widget-text-editor\" data-id=\"9623c40\" data-element_type=\"widget\" data-widget_type=\"text-editor.default\">\n\t\t\t\t<div class=\"elementor-widget-container\">\n\t\t\t\t\t\t\t\t\t<p>In 1920, Mar\u00eda Unzu\u00e8 de Alvear, with vision and elegance, commissioned French architect Le\u00f3n Dourge to create this architectural gem. Inspired by the essence of Spain, the house became a refuge that resonates with the warmth of a family home.<\/p><p class=\"translation-block\">With gambrel tiles, arched windows, ornate grilles, and projecting balconies, this house exudes history in every corner. It was the temporary home of notable figures such as Guy Williams, who left his mark on this corner of Andalusia designed by Dourge. In addition to Casa Toledo, Dourge also designed other notable works, such as the renowned Duhau Palace, the main building of the \"Solymar\" ranch, and the Ivry summer residence in Punta del Este. Each of these structures reflects the French architect's mastery and talent for creating spaces that transcend time.<\/p>\t\t\t\t\t\t\t\t<\/div>\n\t\t\t\t<\/div>\n\t\t\t\t\t<\/div>\n\t\t\t\t<\/div>\n\t\t<div class=\"elementor-element elementor-element-2cab431 e-con-full e-flex e-con e-parent\" data-id=\"2cab431\" data-element_type=\"container\" data-settings=\"{&quot;background_background&quot;:&quot;classic&quot;}\">\n\t\t<div class=\"elementor-element elementor-element-e994fe5 e-flex e-con-boxed e-con e-child\" data-id=\"e994fe5\" data-element_type=\"container\" data-settings=\"{&quot;background_background&quot;:&quot;classic&quot;}\">\n\t\t\t\t\t<div class=\"e-con-inner\">\n\t\t<div class=\"elementor-element elementor-element-1bfa0f8 e-con-full e-flex e-con e-child\" data-id=\"1bfa0f8\" data-element_type=\"container\">\n\t\t\t\t<div class=\"elementor-element elementor-element-a624a0a elementor-widget__width-initial elementor-widget elementor-widget-heading\" data-id=\"a624a0a\" data-element_type=\"widget\" data-widget_type=\"heading.default\">\n\t\t\t\t<div class=\"elementor-widget-container\">\n\t\t\t\t\t<div class=\"elementor-heading-title elementor-size-default\">Connecting with the present through the senses<\/div>\t\t\t\t<\/div>\n\t\t\t\t<\/div>\n\t\t\t\t<div class=\"elementor-element elementor-element-1d03574 elementor-widget-tablet__width-inherit elementor-widget elementor-widget-text-editor\" data-id=\"1d03574\" data-element_type=\"widget\" data-widget_type=\"text-editor.default\">\n\t\t\t\t<div class=\"elementor-widget-container\">\n\t\t\t\t\t\t\t\t\t<p>By preserving the region's architectural legacy, we seek to redefine its value and add elements that make it a unique hotel offering. A journey through time, where the walls hold history and the thoughtful details of each space invite you to connect with the present through the senses.<\/p><p>We carried out meticulous restoration work on the mansion with the aim of enhancing its heritage and giving Casa Toledo another 100 years of life.<\/p><p>We combined the charm of a historic family home with modern, high-class hotel amenities. Every corner conveys this exceptional fusion of comfort and style. Warmth and design, home and exclusivity. Thus, they become an invitation to stay and discover the spirit of the place.<\/p>\t\t\t\t\t\t\t\t<\/div>\n\t\t\t\t<\/div>\n\t\t\t\t<\/div>\n\t\t<div class=\"elementor-element elementor-element-376d143 e-con-full e-flex e-con e-child\" data-id=\"376d143\" data-element_type=\"container\">\n\t\t\t\t<div class=\"elementor-element elementor-element-1728982 elementor-widget elementor-widget-image\" data-id=\"1728982\" data-element_type=\"widget\" data-widget_type=\"image.default\">\n\t\t\t\t<div class=\"elementor-widget-container\">\n\t\t\t\t\t\t\t\t\t\t\t\t\t\t\t<img fetchpriority=\"high\" decoding=\"async\" width=\"709\" height=\"584\" src=\"https:\/\/casatoledohotel.com\/wp-content\/uploads\/2025\/02\/Lateral-fachada-10-de-febrero-2025-1.jpg\" class=\"attachment-full size-full wp-image-1343\" alt=\"\" srcset=\"https:\/\/casatoledohotel.com\/wp-content\/uploads\/2025\/02\/Lateral-fachada-10-de-febrero-2025-1.jpg 709w, https:\/\/casatoledohotel.com\/wp-content\/uploads\/2025\/02\/Lateral-fachada-10-de-febrero-2025-1-300x247.jpg 300w, https:\/\/casatoledohotel.com\/wp-content\/uploads\/2025\/02\/Lateral-fachada-10-de-febrero-2025-1-15x12.jpg 15w\" sizes=\"(max-width: 709px) 100vw, 709px\" \/>\t\t\t\t\t\t\t\t\t\t\t\t\t\t\t<\/div>\n\t\t\t\t<\/div>\n\t\t\t\t<\/div>\n\t\t\t\t\t<\/div>\n\t\t\t\t<\/div>\n\t\t\t\t<\/div>\n\t\t<div class=\"elementor-element elementor-element-fc90b20 e-con-full e-flex e-con e-parent\" data-id=\"fc90b20\" data-element_type=\"container\" data-settings=\"{&quot;background_background&quot;:&quot;classic&quot;}\">\n\t\t\t\t<div class=\"elementor-element elementor-element-158c578 elementor-widget elementor-widget-image-carousel\" data-id=\"158c578\" data-element_type=\"widget\" data-settings=\"{&quot;slides_to_show&quot;:&quot;4&quot;,&quot;slides_to_scroll&quot;:&quot;1&quot;,&quot;navigation&quot;:&quot;none&quot;,&quot;autoplay&quot;:&quot;yes&quot;,&quot;autoplay_speed&quot;:5000,&quot;infinite&quot;:&quot;yes&quot;,&quot;speed&quot;:500,&quot;image_spacing_custom&quot;:{&quot;unit&quot;:&quot;px&quot;,&quot;size&quot;:20,&quot;sizes&quot;:[]},&quot;image_spacing_custom_tablet&quot;:{&quot;unit&quot;:&quot;px&quot;,&quot;size&quot;:&quot;&quot;,&quot;sizes&quot;:[]},&quot;image_spacing_custom_mobile&quot;:{&quot;unit&quot;:&quot;px&quot;,&quot;size&quot;:&quot;&quot;,&quot;sizes&quot;:[]}}\" data-widget_type=\"image-carousel.default\">\n\t\t\t\t<div class=\"elementor-widget-container\">\n\t\t\t\t\t\t\t<div class=\"elementor-image-carousel-wrapper swiper\" role=\"region\" aria-roledescription=\"carousel\" aria-label=\"Carrusel de im\u00e1genes\" dir=\"ltr\">\n\t\t\t<div class=\"elementor-image-carousel swiper-wrapper\" aria-live=\"off\">\n\t\t\t\t\t\t\t\t<div class=\"swiper-slide\" role=\"group\" aria-roledescription=\"slide\" aria-label=\"1 of 14\"><a data-elementor-open-lightbox=\"yes\" data-elementor-lightbox-slideshow=\"158c578\" data-e-action-hash=\"#elementor-action%3Aaction%3Dlightbox%26settings%3DeyJpZCI6MTIxOSwidXJsIjoiaHR0cHM6XC9cL2Nhc2F0b2xlZG9ob3RlbC5jb21cL3dwLWNvbnRlbnRcL3VwbG9hZHNcLzIwMjVcLzAyXC9QMy5wbmciLCJzbGlkZXNob3ciOiIxNThjNTc4In0%3D\" href=\"https:\/\/casatoledohotel.com\/wp-content\/uploads\/2025\/02\/P3.png\"><figure class=\"swiper-slide-inner\"><img decoding=\"async\" class=\"swiper-slide-image\" src=\"https:\/\/casatoledohotel.com\/wp-content\/uploads\/elementor\/thumbs\/P3-r14ds469ncecukzovcs2canyjmz987t8mmq6doa0i8.png\" alt=\"P3\" \/><\/figure><\/a><\/div><div class=\"swiper-slide\" role=\"group\" aria-roledescription=\"slide\" aria-label=\"2 of 14\"><a data-elementor-open-lightbox=\"yes\" data-elementor-lightbox-slideshow=\"158c578\" data-e-action-hash=\"#elementor-action%3Aaction%3Dlightbox%26settings%3DeyJpZCI6MTIyMCwidXJsIjoiaHR0cHM6XC9cL2Nhc2F0b2xlZG9ob3RlbC5jb21cL3dwLWNvbnRlbnRcL3VwbG9hZHNcLzIwMjVcLzAyXC85LmpwZyIsInNsaWRlc2hvdyI6IjE1OGM1NzgifQ%3D%3D\" href=\"https:\/\/casatoledohotel.com\/wp-content\/uploads\/2025\/02\/9.jpg\"><figure class=\"swiper-slide-inner\"><img decoding=\"async\" class=\"swiper-slide-image\" src=\"https:\/\/casatoledohotel.com\/wp-content\/uploads\/elementor\/thumbs\/9-r14ds6zs7ui7tevlevzy1rycbslcvb4fn0omti5tzk.jpg\" alt=\"9\" \/><\/figure><\/a><\/div><div class=\"swiper-slide\" role=\"group\" aria-roledescription=\"slide\" aria-label=\"3 of 14\"><a data-elementor-open-lightbox=\"yes\" data-elementor-lightbox-slideshow=\"158c578\" data-e-action-hash=\"#elementor-action%3Aaction%3Dlightbox%26settings%3DeyJpZCI6MTM0OCwidXJsIjoiaHR0cHM6XC9cL2Nhc2F0b2xlZG9ob3RlbC5jb21cL3dwLWNvbnRlbnRcL3VwbG9hZHNcLzIwMjVcLzAyXC9BMi5qcGciLCJzbGlkZXNob3ciOiIxNThjNTc4In0%3D\" href=\"https:\/\/casatoledohotel.com\/wp-content\/uploads\/2025\/02\/A2.jpg\"><figure class=\"swiper-slide-inner\"><img decoding=\"async\" class=\"swiper-slide-image\" src=\"https:\/\/casatoledohotel.com\/wp-content\/uploads\/elementor\/thumbs\/A2-r1bc20dnbm9jrlm7exj7noi93ict2igw1gvwah7u34.jpg\" alt=\"A2\" \/><\/figure><\/a><\/div><div class=\"swiper-slide\" role=\"group\" aria-roledescription=\"slide\" aria-label=\"4 of 14\"><a data-elementor-open-lightbox=\"yes\" data-elementor-lightbox-slideshow=\"158c578\" data-e-action-hash=\"#elementor-action%3Aaction%3Dlightbox%26settings%3DeyJpZCI6MTIyMSwidXJsIjoiaHR0cHM6XC9cL2Nhc2F0b2xlZG9ob3RlbC5jb21cL3dwLWNvbnRlbnRcL3VwbG9hZHNcLzIwMjVcLzAyXC8yXzIuanBnIiwic2xpZGVzaG93IjoiMTU4YzU3OCJ9\" href=\"https:\/\/casatoledohotel.com\/wp-content\/uploads\/2025\/02\/2_2.jpg\"><figure class=\"swiper-slide-inner\"><img decoding=\"async\" class=\"swiper-slide-image\" src=\"https:\/\/casatoledohotel.com\/wp-content\/uploads\/elementor\/thumbs\/2_2-r14ds8vgliksgmsv3wt76rh9ikc3apbwb9zls231n4.jpg\" alt=\"2_2\" \/><\/figure><\/a><\/div><div class=\"swiper-slide\" role=\"group\" aria-roledescription=\"slide\" aria-label=\"5 of 14\"><a data-elementor-open-lightbox=\"yes\" data-elementor-lightbox-slideshow=\"158c578\" data-e-action-hash=\"#elementor-action%3Aaction%3Dlightbox%26settings%3DeyJpZCI6MTIyMiwidXJsIjoiaHR0cHM6XC9cL2Nhc2F0b2xlZG9ob3RlbC5jb21cL3dwLWNvbnRlbnRcL3VwbG9hZHNcLzIwMjVcLzAyXC8xMC5qcGciLCJzbGlkZXNob3ciOiIxNThjNTc4In0%3D\" href=\"https:\/\/casatoledohotel.com\/wp-content\/uploads\/2025\/02\/10.jpg\"><figure class=\"swiper-slide-inner\"><img decoding=\"async\" class=\"swiper-slide-image\" src=\"https:\/\/casatoledohotel.com\/wp-content\/uploads\/elementor\/thumbs\/10-r14dsar4z6nd3uq4sxmgbr06pc2tq3jczjakqm09ao.jpg\" alt=\"10\" \/><\/figure><\/a><\/div><div class=\"swiper-slide\" role=\"group\" aria-roledescription=\"slide\" aria-label=\"6 of 14\"><a data-elementor-open-lightbox=\"yes\" data-elementor-lightbox-slideshow=\"158c578\" data-e-action-hash=\"#elementor-action%3Aaction%3Dlightbox%26settings%3DeyJpZCI6MTIyMywidXJsIjoiaHR0cHM6XC9cL2Nhc2F0b2xlZG9ob3RlbC5jb21cL3dwLWNvbnRlbnRcL3VwbG9hZHNcLzIwMjVcLzAyXC84LmpwZyIsInNsaWRlc2hvdyI6IjE1OGM1NzgifQ%3D%3D\" href=\"https:\/\/casatoledohotel.com\/wp-content\/uploads\/2025\/02\/8.jpg\"><figure class=\"swiper-slide-inner\"><img decoding=\"async\" class=\"swiper-slide-image\" src=\"https:\/\/casatoledohotel.com\/wp-content\/uploads\/elementor\/thumbs\/8-r14dscmtcupxr2nehyfpgqj3w3tk5hqtnsljp5xgy8.jpg\" alt=\"8\" \/><\/figure><\/a><\/div><div class=\"swiper-slide\" role=\"group\" aria-roledescription=\"slide\" aria-label=\"7 of 14\"><a data-elementor-open-lightbox=\"yes\" data-elementor-lightbox-slideshow=\"158c578\" data-e-action-hash=\"#elementor-action%3Aaction%3Dlightbox%26settings%3DeyJpZCI6MTM0OSwidXJsIjoiaHR0cHM6XC9cL2Nhc2F0b2xlZG9ob3RlbC5jb21cL3dwLWNvbnRlbnRcL3VwbG9hZHNcLzIwMjVcLzAyXC9BMy5qcGciLCJzbGlkZXNob3ciOiIxNThjNTc4In0%3D\" href=\"https:\/\/casatoledohotel.com\/wp-content\/uploads\/2025\/02\/A3.jpg\"><figure class=\"swiper-slide-inner\"><img decoding=\"async\" class=\"swiper-slide-image\" src=\"https:\/\/casatoledohotel.com\/wp-content\/uploads\/elementor\/thumbs\/A3-r1bc2375w4deqfi3ygr3d5smvnywpls31uucqb3nkg.jpg\" alt=\"A3\" \/><\/figure><\/a><\/div><div class=\"swiper-slide\" role=\"group\" aria-roledescription=\"slide\" aria-label=\"8 of 14\"><a data-elementor-open-lightbox=\"yes\" data-elementor-lightbox-slideshow=\"158c578\" data-e-action-hash=\"#elementor-action%3Aaction%3Dlightbox%26settings%3DeyJpZCI6MTIyNCwidXJsIjoiaHR0cHM6XC9cL2Nhc2F0b2xlZG9ob3RlbC5jb21cL3dwLWNvbnRlbnRcL3VwbG9hZHNcLzIwMjVcLzAyXC80LTEuanBnIiwic2xpZGVzaG93IjoiMTU4YzU3OCJ9\" href=\"https:\/\/casatoledohotel.com\/wp-content\/uploads\/2025\/02\/4-1.jpg\"><figure class=\"swiper-slide-inner\"><img decoding=\"async\" class=\"swiper-slide-image\" src=\"https:\/\/casatoledohotel.com\/wp-content\/uploads\/elementor\/thumbs\/4-1-r14dseihqisieako6z8ylq212vkakvyac1winpuols.jpg\" alt=\"4\" \/><\/figure><\/a><\/div><div class=\"swiper-slide\" role=\"group\" aria-roledescription=\"slide\" aria-label=\"9 of 14\"><a data-elementor-open-lightbox=\"yes\" data-elementor-lightbox-slideshow=\"158c578\" data-e-action-hash=\"#elementor-action%3Aaction%3Dlightbox%26settings%3DeyJpZCI6MTIyNSwidXJsIjoiaHR0cHM6XC9cL2Nhc2F0b2xlZG9ob3RlbC5jb21cL3dwLWNvbnRlbnRcL3VwbG9hZHNcLzIwMjVcLzAyXC81LmpwZyIsInNsaWRlc2hvdyI6IjE1OGM1NzgifQ%3D%3D\" href=\"https:\/\/casatoledohotel.com\/wp-content\/uploads\/2025\/02\/5.jpg\"><figure class=\"swiper-slide-inner\"><img decoding=\"async\" class=\"swiper-slide-image\" src=\"https:\/\/casatoledohotel.com\/wp-content\/uploads\/elementor\/thumbs\/5-r14dsge646v31ihxw027qpky9nb10a5r0b7hm9rw9c.jpg\" alt=\"5\" \/><\/figure><\/a><\/div><div class=\"swiper-slide\" role=\"group\" aria-roledescription=\"slide\" aria-label=\"10 of 14\"><a data-elementor-open-lightbox=\"yes\" data-elementor-lightbox-slideshow=\"158c578\" data-e-action-hash=\"#elementor-action%3Aaction%3Dlightbox%26settings%3DeyJpZCI6MTM1MCwidXJsIjoiaHR0cHM6XC9cL2Nhc2F0b2xlZG9ob3RlbC5jb21cL3dwLWNvbnRlbnRcL3VwbG9hZHNcLzIwMjVcLzAyXC9BNC5qcGciLCJzbGlkZXNob3ciOiIxNThjNTc4In0%3D\" href=\"https:\/\/casatoledohotel.com\/wp-content\/uploads\/2025\/02\/A4.jpg\"><figure class=\"swiper-slide-inner\"><img decoding=\"async\" class=\"swiper-slide-image\" src=\"https:\/\/casatoledohotel.com\/wp-content\/uploads\/elementor\/thumbs\/A4-r1bc260ogmh9p9e0hzyz2n30ntl0cp3a28st64zh1s.jpg\" alt=\"A4\" \/><\/figure><\/a><\/div><div class=\"swiper-slide\" role=\"group\" aria-roledescription=\"slide\" aria-label=\"11 of 14\"><a data-elementor-open-lightbox=\"yes\" data-elementor-lightbox-slideshow=\"158c578\" data-e-action-hash=\"#elementor-action%3Aaction%3Dlightbox%26settings%3DeyJpZCI6MTIyNiwidXJsIjoiaHR0cHM6XC9cL2Nhc2F0b2xlZG9ob3RlbC5jb21cL3dwLWNvbnRlbnRcL3VwbG9hZHNcLzIwMjVcLzAyXC9QMTgzMDI1MS1zY2FsZWQuanBnIiwic2xpZGVzaG93IjoiMTU4YzU3OCJ9\" href=\"https:\/\/casatoledohotel.com\/wp-content\/uploads\/2025\/02\/P1830251-scaled.jpg\"><figure class=\"swiper-slide-inner\"><img decoding=\"async\" class=\"swiper-slide-image\" src=\"https:\/\/casatoledohotel.com\/wp-content\/uploads\/elementor\/thumbs\/P1830251-scaled-r14dsnwvmv5dme70o3b8anon0q9ypuzlpcfdghgqvk.jpg\" alt=\"P1830251\" \/><\/figure><\/a><\/div><div class=\"swiper-slide\" role=\"group\" aria-roledescription=\"slide\" aria-label=\"12 of 14\"><a data-elementor-open-lightbox=\"yes\" data-elementor-lightbox-slideshow=\"158c578\" data-e-action-hash=\"#elementor-action%3Aaction%3Dlightbox%26settings%3DeyJpZCI6MTIyNywidXJsIjoiaHR0cHM6XC9cL2Nhc2F0b2xlZG9ob3RlbC5jb21cL3dwLWNvbnRlbnRcL3VwbG9hZHNcLzIwMjVcLzAyXC9EU0MwNjExNS5qcGciLCJzbGlkZXNob3ciOiIxNThjNTc4In0%3D\" href=\"https:\/\/casatoledohotel.com\/wp-content\/uploads\/2025\/02\/DSC06115.jpg\"><figure class=\"swiper-slide-inner\"><img decoding=\"async\" class=\"swiper-slide-image\" src=\"https:\/\/casatoledohotel.com\/wp-content\/uploads\/elementor\/thumbs\/DSC06115-r14dsro8e7aiwu1k24xqkmqhe9rfknej1v1bdlb66o.jpg\" alt=\"DSC06115\" \/><\/figure><\/a><\/div><div class=\"swiper-slide\" role=\"group\" aria-roledescription=\"slide\" aria-label=\"13 of 14\"><a data-elementor-open-lightbox=\"yes\" data-elementor-lightbox-slideshow=\"158c578\" data-e-action-hash=\"#elementor-action%3Aaction%3Dlightbox%26settings%3DeyJpZCI6MTIyOCwidXJsIjoiaHR0cHM6XC9cL2Nhc2F0b2xlZG9ob3RlbC5jb21cL3dwLWNvbnRlbnRcL3VwbG9hZHNcLzIwMjVcLzAyXC9EU0MwNjk1Ny5qcGciLCJzbGlkZXNob3ciOiIxNThjNTc4In0%3D\" href=\"https:\/\/casatoledohotel.com\/wp-content\/uploads\/2025\/02\/DSC06957.jpg\"><figure class=\"swiper-slide-inner\"><img decoding=\"async\" class=\"swiper-slide-image\" src=\"https:\/\/casatoledohotel.com\/wp-content\/uploads\/elementor\/thumbs\/DSC06957-r14dstjwrvd3k1ytr5qzpm9el1i601lzq4cac58du8.jpg\" alt=\"DSC06957\" \/><\/figure><\/a><\/div><div class=\"swiper-slide\" role=\"group\" aria-roledescription=\"slide\" aria-label=\"14 of 14\"><a data-elementor-open-lightbox=\"yes\" data-elementor-lightbox-slideshow=\"158c578\" data-e-action-hash=\"#elementor-action%3Aaction%3Dlightbox%26settings%3DeyJpZCI6MTM1MSwidXJsIjoiaHR0cHM6XC9cL2Nhc2F0b2xlZG9ob3RlbC5jb21cL3dwLWNvbnRlbnRcL3VwbG9hZHNcLzIwMjVcLzAyXC9BMS5qcGciLCJzbGlkZXNob3ciOiIxNThjNTc4In0%3D\" href=\"https:\/\/casatoledohotel.com\/wp-content\/uploads\/2025\/02\/A1.jpg\"><figure class=\"swiper-slide-inner\"><img decoding=\"async\" class=\"swiper-slide-image\" src=\"https:\/\/casatoledohotel.com\/wp-content\/uploads\/elementor\/thumbs\/A1-r1bc28u714l4o39x1j6us4defz73zseh2mr9lyvaj4.jpg\" alt=\"A1\" \/><\/figure><\/a><\/div>\t\t\t<\/div>\n\t\t\t\t\t\t\t\n\t\t\t\t\t\t\t\t\t<\/div>\n\t\t\t\t\t\t<\/div>\n\t\t\t\t<\/div>\n\t\t\t\t<\/div>\n\t\t\t\t<\/div>","protected":false},"excerpt":{"rendered":"<p>Patrimonio arquitect\u00f3nico, destino moderno En 1920, Mar\u00eda Unzu\u00e8 de Alvear, con visi\u00f3n y elegancia, encarg\u00f3 al arquitecto franc\u00e9s Le\u00f3n Dourge la creaci\u00f3n de esta joya arquitect\u00f3nica. Inspirada en la esencia espa\u00f1ola, la casa se convirti\u00f3 en un refugio que resuena con la calidez de un hogar familiar. Con tejas musleras, ventanas en arco, rejas ornamentadas [&hellip;]<\/p>","protected":false},"author":1,"featured_media":0,"parent":0,"menu_order":0,"comment_status":"closed","ping_status":"closed","template":"","meta":{"footnotes":""},"class_list":["post-17","page","type-page","status-publish","hentry"],"yoast_head":"<!-- This site is optimized with the Yoast SEO plugin v26.5 - https:\/\/yoast.com\/wordpress\/plugins\/seo\/ -->\n<title>La Casa - Casa Toledo<\/title>\n<meta name=\"robots\" content=\"index, follow, max-snippet:-1, max-image-preview:large, max-video-preview:-1\" \/>\n<link rel=\"canonical\" href=\"https:\/\/www.casatoledohotel.com\/la-casa\/\" \/>\n<meta property=\"og:locale\" content=\"en_US\" \/>\n<meta property=\"og:type\" content=\"article\" \/>\n<meta property=\"og:title\" content=\"La Casa - Casa Toledo\" \/>\n<meta property=\"og:description\" content=\"Patrimonio arquitect\u00f3nico, destino moderno En 1920, Mar\u00eda Unzu\u00e8 de Alvear, con visi\u00f3n y elegancia, encarg\u00f3 al arquitecto franc\u00e9s Le\u00f3n Dourge la creaci\u00f3n de esta joya arquitect\u00f3nica. Inspirada en la esencia espa\u00f1ola, la casa se convirti\u00f3 en un refugio que resuena con la calidez de un hogar familiar. Con tejas musleras, ventanas en arco, rejas ornamentadas [&hellip;]\" \/>\n<meta property=\"og:url\" content=\"https:\/\/www.casatoledohotel.com\/la-casa\/\" \/>\n<meta property=\"og:site_name\" content=\"Casa Toledo\" \/>\n<meta property=\"article:modified_time\" content=\"2025-02-20T18:56:33+00:00\" \/>\n<meta property=\"og:image\" content=\"https:\/\/casatoledohotel.com\/wp-content\/uploads\/2025\/02\/Lateral-fachada-10-de-febrero-2025-1.jpg\" \/>\n<meta name=\"twitter:card\" content=\"summary_large_image\" \/>\n<meta name=\"twitter:label1\" content=\"Est. reading time\" \/>\n\t<meta name=\"twitter:data1\" content=\"2 minutes\" \/>\n<script type=\"application\/ld+json\" class=\"yoast-schema-graph\">{\"@context\":\"https:\/\/schema.org\",\"@graph\":[{\"@type\":\"WebPage\",\"@id\":\"https:\/\/www.casatoledohotel.com\/la-casa\/\",\"url\":\"https:\/\/www.casatoledohotel.com\/la-casa\/\",\"name\":\"La Casa - Casa Toledo\",\"isPartOf\":{\"@id\":\"https:\/\/www.casatoledohotel.com\/#website\"},\"primaryImageOfPage\":{\"@id\":\"https:\/\/www.casatoledohotel.com\/la-casa\/#primaryimage\"},\"image\":{\"@id\":\"https:\/\/www.casatoledohotel.com\/la-casa\/#primaryimage\"},\"thumbnailUrl\":\"https:\/\/casatoledohotel.com\/wp-content\/uploads\/2025\/02\/Lateral-fachada-10-de-febrero-2025-1.jpg\",\"datePublished\":\"2025-01-20T16:15:17+00:00\",\"dateModified\":\"2025-02-20T18:56:33+00:00\",\"breadcrumb\":{\"@id\":\"https:\/\/www.casatoledohotel.com\/la-casa\/#breadcrumb\"},\"inLanguage\":\"en-US\",\"potentialAction\":[{\"@type\":\"ReadAction\",\"target\":[\"https:\/\/www.casatoledohotel.com\/la-casa\/\"]}]},{\"@type\":\"ImageObject\",\"inLanguage\":\"en-US\",\"@id\":\"https:\/\/www.casatoledohotel.com\/la-casa\/#primaryimage\",\"url\":\"https:\/\/casatoledohotel.com\/wp-content\/uploads\/2025\/02\/Lateral-fachada-10-de-febrero-2025-1.jpg\",\"contentUrl\":\"https:\/\/casatoledohotel.com\/wp-content\/uploads\/2025\/02\/Lateral-fachada-10-de-febrero-2025-1.jpg\"},{\"@type\":\"BreadcrumbList\",\"@id\":\"https:\/\/www.casatoledohotel.com\/la-casa\/#breadcrumb\",\"itemListElement\":[{\"@type\":\"ListItem\",\"position\":1,\"name\":\"Portada\",\"item\":\"https:\/\/casatoledohotel.com\/\"},{\"@type\":\"ListItem\",\"position\":2,\"name\":\"La Casa\"}]},{\"@type\":\"WebSite\",\"@id\":\"https:\/\/www.casatoledohotel.com\/#website\",\"url\":\"https:\/\/www.casatoledohotel.com\/\",\"name\":\"Casa Toledo\",\"description\":\"\",\"potentialAction\":[{\"@type\":\"SearchAction\",\"target\":{\"@type\":\"EntryPoint\",\"urlTemplate\":\"https:\/\/www.casatoledohotel.com\/?s={search_term_string}\"},\"query-input\":{\"@type\":\"PropertyValueSpecification\",\"valueRequired\":true,\"valueName\":\"search_term_string\"}}],\"inLanguage\":\"en-US\"}]}<\/script>\n<!-- \/ Yoast SEO plugin. -->","yoast_head_json":{"title":"La Casa - Casa Toledo","robots":{"index":"index","follow":"follow","max-snippet":"max-snippet:-1","max-image-preview":"max-image-preview:large","max-video-preview":"max-video-preview:-1"},"canonical":"https:\/\/www.casatoledohotel.com\/la-casa\/","og_locale":"en_US","og_type":"article","og_title":"La Casa - Casa Toledo","og_description":"Patrimonio arquitect\u00f3nico, destino moderno En 1920, Mar\u00eda Unzu\u00e8 de Alvear, con visi\u00f3n y elegancia, encarg\u00f3 al arquitecto franc\u00e9s Le\u00f3n Dourge la creaci\u00f3n de esta joya arquitect\u00f3nica. Inspirada en la esencia espa\u00f1ola, la casa se convirti\u00f3 en un refugio que resuena con la calidez de un hogar familiar. Con tejas musleras, ventanas en arco, rejas ornamentadas [&hellip;]","og_url":"https:\/\/www.casatoledohotel.com\/la-casa\/","og_site_name":"Casa Toledo","article_modified_time":"2025-02-20T18:56:33+00:00","og_image":[{"url":"https:\/\/casatoledohotel.com\/wp-content\/uploads\/2025\/02\/Lateral-fachada-10-de-febrero-2025-1.jpg","type":"","width":"","height":""}],"twitter_card":"summary_large_image","twitter_misc":{"Est. reading time":"2 minutes"},"schema":{"@context":"https:\/\/schema.org","@graph":[{"@type":"WebPage","@id":"https:\/\/www.casatoledohotel.com\/la-casa\/","url":"https:\/\/www.casatoledohotel.com\/la-casa\/","name":"La Casa - Casa Toledo","isPartOf":{"@id":"https:\/\/www.casatoledohotel.com\/#website"},"primaryImageOfPage":{"@id":"https:\/\/www.casatoledohotel.com\/la-casa\/#primaryimage"},"image":{"@id":"https:\/\/www.casatoledohotel.com\/la-casa\/#primaryimage"},"thumbnailUrl":"https:\/\/casatoledohotel.com\/wp-content\/uploads\/2025\/02\/Lateral-fachada-10-de-febrero-2025-1.jpg","datePublished":"2025-01-20T16:15:17+00:00","dateModified":"2025-02-20T18:56:33+00:00","breadcrumb":{"@id":"https:\/\/www.casatoledohotel.com\/la-casa\/#breadcrumb"},"inLanguage":"en-US","potentialAction":[{"@type":"ReadAction","target":["https:\/\/www.casatoledohotel.com\/la-casa\/"]}]},{"@type":"ImageObject","inLanguage":"en-US","@id":"https:\/\/www.casatoledohotel.com\/la-casa\/#primaryimage","url":"https:\/\/casatoledohotel.com\/wp-content\/uploads\/2025\/02\/Lateral-fachada-10-de-febrero-2025-1.jpg","contentUrl":"https:\/\/casatoledohotel.com\/wp-content\/uploads\/2025\/02\/Lateral-fachada-10-de-febrero-2025-1.jpg"},{"@type":"BreadcrumbList","@id":"https:\/\/www.casatoledohotel.com\/la-casa\/#breadcrumb","itemListElement":[{"@type":"ListItem","position":1,"name":"Portada","item":"https:\/\/casatoledohotel.com\/"},{"@type":"ListItem","position":2,"name":"La Casa"}]},{"@type":"WebSite","@id":"https:\/\/www.casatoledohotel.com\/#website","url":"https:\/\/www.casatoledohotel.com\/","name":"Casa Toledo","description":"","potentialAction":[{"@type":"SearchAction","target":{"@type":"EntryPoint","urlTemplate":"https:\/\/www.casatoledohotel.com\/?s={search_term_string}"},"query-input":{"@type":"PropertyValueSpecification","valueRequired":true,"valueName":"search_term_string"}}],"inLanguage":"en-US"}]}},"_links":{"self":[{"href":"https:\/\/casatoledohotel.com\/en\/wp-json\/wp\/v2\/pages\/17","targetHints":{"allow":["GET"]}}],"collection":[{"href":"https:\/\/casatoledohotel.com\/en\/wp-json\/wp\/v2\/pages"}],"about":[{"href":"https:\/\/casatoledohotel.com\/en\/wp-json\/wp\/v2\/types\/page"}],"author":[{"embeddable":true,"href":"https:\/\/casatoledohotel.com\/en\/wp-json\/wp\/v2\/users\/1"}],"replies":[{"embeddable":true,"href":"https:\/\/casatoledohotel.com\/en\/wp-json\/wp\/v2\/comments?post=17"}],"version-history":[{"count":76,"href":"https:\/\/casatoledohotel.com\/en\/wp-json\/wp\/v2\/pages\/17\/revisions"}],"predecessor-version":[{"id":1377,"href":"https:\/\/casatoledohotel.com\/en\/wp-json\/wp\/v2\/pages\/17\/revisions\/1377"}],"wp:attachment":[{"href":"https:\/\/casatoledohotel.com\/en\/wp-json\/wp\/v2\/media?parent=17"}],"curies":[{"name":"wp","href":"https:\/\/api.w.org\/{rel}","templated":true}]}}